{"id":197,"date":"2024-12-29T10:32:44","date_gmt":"2024-12-29T09:32:44","guid":{"rendered":"https:\/\/doncaracol.com\/?page_id=197"},"modified":"2025-01-18T17:40:04","modified_gmt":"2025-01-18T16:40:04","slug":"politica-de-cookies","status":"publish","type":"page","link":"https:\/\/doncaracol.com\/ca\/politica-de-cookies\/","title":{"rendered":"Pol\u00edtica de cookies"},"content":{"rendered":"<p class=\"wp-block-paragraph\"><strong>Pol\u00edtica de Cookies de Don Caracol SL<\/strong><\/p>\n\n\n\n<ul class=\"wp-block-list\">\n<li><strong>Denominaci\u00f3 Social:<\/strong> Don Caracol SL, d&#039;ara endavant, l&#039;Empresa.<\/li>\n\n\n\n<li><strong>Domicili social:<\/strong> AVINGUDA COMTE DE SALLENT, 6<\/li>\n\n\n\n<li><strong>Poblaci\u00f3:<\/strong> Palmell de Mallorca.<\/li>\n\n\n\n<li><strong>Prov\u00edncia:<\/strong> Illes Balears.<\/li>\n\n\n\n<li><strong>Codi postal:<\/strong> 07003.<\/li>\n\n\n\n<li><strong>CIF n\u00famero:<\/strong> B57698714.<\/li>\n\n\n\n<li><strong>Adre\u00e7a de correu electr\u00f2nic:<\/strong> <a>info@doncaracol.com<\/a><\/li>\n\n\n\n<li><strong>Tel\u00e8fon de contacte:<\/strong> 971 75 84 30<\/li>\n<\/ul>\n\n\n\n<p class=\"wp-block-paragraph\"><strong>Qu\u00e8 s\u00f3n les galetes?<\/strong><\/p>\n\n\n\n<p class=\"wp-block-paragraph\">Les galetes s\u00f3n petits fitxers de text que s&#039;emmagatzemen al dispositiu de l&#039;usuari quan visiteu una p\u00e0gina web. Aquestes permeten que el lloc web recordi informaci\u00f3 sobre la vostra visita, com l&#039;idioma preferit i altres configuracions, per tal de millorar la vostra experi\u00e8ncia en futures visites.<\/p>\n\n\n\n<h3 class=\"wp-block-heading\">Tipus de cookies utilitzades<\/h3>\n\n\n\n<p class=\"wp-block-paragraph\">A <strong>Don Caracol SL<\/strong> utilitzem els seg\u00fcents tipus de cookies:<\/p>\n\n\n\n<h4 class=\"wp-block-heading\">Cookies necess\u00e0ries<\/h4>\n\n\n\n<p class=\"wp-block-paragraph\">Aquestes cookies s\u00f3n essencials per al funcionament del lloc web i no es poden desactivar en els nostres sistemes. No emmagatzemeu cap dada d&#039;identificaci\u00f3 personal.<\/p>\n\n\n\n<ul class=\"wp-block-list\">\n<li><strong>Cookie:<\/strong> <code>__cf_bm<\/code><br><strong>Durada:<\/strong> 1 hora<br><strong>Descripci\u00f3:<\/strong> Establida per Cloudflare per recolzar la gesti\u00f3 de bots.<\/li>\n\n\n\n<li><strong>Cookie:<\/strong> <code>_cfuid<\/code><br><strong>Durada:<\/strong> Sessi\u00f3<br><strong>Descripci\u00f3:<\/strong> Utilitzada per Calendly per rastrejar usuaris i proporcionar serveis personalitzats.<\/li>\n\n\n\n<li><strong>Cookie:<\/strong> <code>wpEmojiSettingsSupports<\/code><br><strong>Durada:<\/strong> Sessi\u00f3<br><strong>Descripci\u00f3:<\/strong> Utilitzada per WordPress per garantir la correcta visualitzaci\u00f3 d&#039;emojis al navegador de l&#039;usuari.<\/li>\n\n\n\n<li><strong>Cookie:<\/strong> <code>cookielyes-consent<\/code><br><strong>Durada:<\/strong> 1 any<br><strong>Descripci\u00f3:<\/strong> Establida per CookieYes per recordar les prefer\u00e8ncies de consentiment dels usuaris.<\/li>\n<\/ul>\n\n\n\n<h4 class=\"wp-block-heading\">Galetes anal\u00edtiques<\/h4>\n\n\n\n<p class=\"wp-block-paragraph\">Aquestes galetes ens permeten analitzar el comportament dels usuaris al lloc web i millorar l&#039;experi\u00e8ncia de navegaci\u00f3. Tota la informaci\u00f3 recollida \u00e9s an\u00f2nima.<\/p>\n\n\n\n<ul class=\"wp-block-list\">\n<li><strong>Cookie:<\/strong> <code>_ga_*<\/code><br><strong>Durada:<\/strong> 1 any, 1 mes, 4 dies<br><strong>Descripci\u00f3:<\/strong> Establida per Google Analytics per emmagatzemar i comptar vistes de p\u00e0gina.<\/li>\n\n\n\n<li><strong>Cookie:<\/strong> <code>_ga<\/code><br><strong>Durada:<\/strong> 1 any, 1 mes, 4 dies<br><strong>Descripci\u00f3:<\/strong> Utilitzada per Google Analytics per calcular dades de visitants i fer un seguiment de sessions i campanyes.<\/li>\n<\/ul>\n\n\n\n<h3 class=\"wp-block-heading\">Gesti\u00f3 de cookies<\/h3>\n\n\n\n<p class=\"wp-block-paragraph\">L&#039;usuari pot configurar les prefer\u00e8ncies sobre galetes a trav\u00e9s del banner que apareix en visitar el lloc web per primera vegada. A m\u00e9s, podeu gestionar o desactivar les cookies en qualsevol moment des de la configuraci\u00f3 del vostre navegador. A continuaci\u00f3, es proporcionen enlla\u00e7os a les guies de configuraci\u00f3 dels navegadors m\u00e9s comuns:<\/p>\n\n\n\n<ul class=\"wp-block-list\">\n<li><a>Google Chrome<\/a><\/li>\n\n\n\n<li><a href=\"https:\/\/support.mozilla.org\/es\/kb\/habilitar-y-deshabilitar-cookies-sitios-web-rastrear-preferencias\">Mozilla Firefox<\/a><\/li>\n\n\n\n<li><a href=\"https:\/\/support.microsoft.com\/es-es\/microsoft-edge\/borrar-y-administrar-cookies-168dab11-0753-043d-7c16-ede5947fc64d\">Microsoft Edge<\/a><\/li>\n\n\n\n<li><a href=\"https:\/\/support.apple.com\/es-es\/guide\/safari\/sfri11471\/mac\">Safari<\/a><\/li>\n<\/ul>\n\n\n\n<h3 class=\"wp-block-heading\">Actualitzaci\u00f3 de la pol\u00edtica de cookies<\/h3>\n\n\n\n<p class=\"wp-block-paragraph\">Aquesta pol\u00edtica de cookies pot ser actualitzada en funci\u00f3 de canvis legislatius, t\u00e8cnics o del propi funcionament del lloc web. Recomanem revisar aquesta p\u00e0gina peri\u00f2dicament per estar informat sobre com utilitzem les galetes.<\/p>","protected":false},"excerpt":{"rendered":"<p>Pol\u00edtica de Cookies de Don Caracol S.L. \u00bfQu\u00e9 son las cookies? Las cookies son peque\u00f1os archivos de texto que se almacenan en el dispositivo del usuario cuando visita una p\u00e1gina web. Estas permiten que el sitio web recuerde informaci\u00f3n sobre su visita, como el idioma preferido y otras configuraciones, con el fin de mejorar su [&hellip;]<\/p>\n","protected":false},"author":259874193,"featured_media":0,"parent":0,"menu_order":0,"comment_status":"closed","ping_status":"closed","template":"","meta":{"_crdt_document":"","footnotes":""},"class_list":["post-197","page","type-page","status-publish","hentry"],"yoast_head":"<!-- This site is optimized with the Yoast SEO plugin v27.4 - https:\/\/yoast.com\/product\/yoast-seo-wordpress\/ -->\n<title>Pol\u00edtica de cookies - Don Caracol<\/title>\n<meta name=\"robots\" content=\"index, follow, max-snippet:-1, max-image-preview:large, max-video-preview:-1\" \/>\n<link rel=\"canonical\" href=\"https:\/\/doncaracol.com\/ca\/politica-de-cookies\/\" \/>\n<meta property=\"og:locale\" content=\"ca_ES\" \/>\n<meta property=\"og:type\" content=\"article\" \/>\n<meta property=\"og:title\" content=\"Pol\u00edtica de cookies - Don Caracol\" \/>\n<meta property=\"og:description\" content=\"Pol\u00edtica de Cookies de Don Caracol S.L. \u00bfQu\u00e9 son las cookies? Las cookies son peque\u00f1os archivos de texto que se almacenan en el dispositivo del usuario cuando visita una p\u00e1gina web. Estas permiten que el sitio web recuerde informaci\u00f3n sobre su visita, como el idioma preferido y otras configuraciones, con el fin de mejorar su [&hellip;]\" \/>\n<meta property=\"og:url\" content=\"https:\/\/doncaracol.com\/ca\/politica-de-cookies\/\" \/>\n<meta property=\"og:site_name\" content=\"Don Caracol\" \/>\n<meta property=\"article:modified_time\" content=\"2025-01-18T16:40:04+00:00\" \/>\n<meta name=\"twitter:card\" content=\"summary_large_image\" \/>\n<meta name=\"twitter:label1\" content=\"Temps estimat de lectura\" \/>\n\t<meta name=\"twitter:data1\" content=\"2 minuts\" \/>\n<script type=\"application\/ld+json\" class=\"yoast-schema-graph\">{\"@context\":\"https:\\\/\\\/schema.org\",\"@graph\":[{\"@type\":\"WebPage\",\"@id\":\"https:\\\/\\\/doncaracol.com\\\/politica-de-cookies\\\/\",\"url\":\"https:\\\/\\\/doncaracol.com\\\/politica-de-cookies\\\/\",\"name\":\"Pol\u00edtica de cookies - Don Caracol\",\"isPartOf\":{\"@id\":\"https:\\\/\\\/doncaracol.com\\\/#website\"},\"datePublished\":\"2024-12-29T09:32:44+00:00\",\"dateModified\":\"2025-01-18T16:40:04+00:00\",\"breadcrumb\":{\"@id\":\"https:\\\/\\\/doncaracol.com\\\/politica-de-cookies\\\/#breadcrumb\"},\"inLanguage\":\"ca\",\"potentialAction\":[{\"@type\":\"ReadAction\",\"target\":[\"https:\\\/\\\/doncaracol.com\\\/politica-de-cookies\\\/\"]}]},{\"@type\":\"BreadcrumbList\",\"@id\":\"https:\\\/\\\/doncaracol.com\\\/politica-de-cookies\\\/#breadcrumb\",\"itemListElement\":[{\"@type\":\"ListItem\",\"position\":1,\"name\":\"Portada\",\"item\":\"https:\\\/\\\/doncaracol.com\\\/\"},{\"@type\":\"ListItem\",\"position\":2,\"name\":\"Pol\u00edtica de cookies\"}]},{\"@type\":\"WebSite\",\"@id\":\"https:\\\/\\\/doncaracol.com\\\/#website\",\"url\":\"https:\\\/\\\/doncaracol.com\\\/\",\"name\":\"Don Caracol\",\"description\":\"Disfruta de la aut\u00e9ntica gastronom\u00eda en un ambiente \u00fanico.\",\"publisher\":{\"@id\":\"https:\\\/\\\/doncaracol.com\\\/#organization\"},\"potentialAction\":[{\"@type\":\"SearchAction\",\"target\":{\"@type\":\"EntryPoint\",\"urlTemplate\":\"https:\\\/\\\/doncaracol.com\\\/?s={search_term_string}\"},\"query-input\":{\"@type\":\"PropertyValueSpecification\",\"valueRequired\":true,\"valueName\":\"search_term_string\"}}],\"inLanguage\":\"ca\"},{\"@type\":\"Organization\",\"@id\":\"https:\\\/\\\/doncaracol.com\\\/#organization\",\"name\":\"Don Caracol\",\"url\":\"https:\\\/\\\/doncaracol.com\\\/\",\"logo\":{\"@type\":\"ImageObject\",\"inLanguage\":\"ca\",\"@id\":\"https:\\\/\\\/doncaracol.com\\\/#\\\/schema\\\/logo\\\/image\\\/\",\"url\":\"https:\\\/\\\/i0.wp.com\\\/doncaracol.com\\\/wp-content\\\/uploads\\\/2024\\\/12\\\/logo-don-caracol-mallorca.png?fit=291%2C125&ssl=1\",\"contentUrl\":\"https:\\\/\\\/i0.wp.com\\\/doncaracol.com\\\/wp-content\\\/uploads\\\/2024\\\/12\\\/logo-don-caracol-mallorca.png?fit=291%2C125&ssl=1\",\"width\":291,\"height\":125,\"caption\":\"Don Caracol\"},\"image\":{\"@id\":\"https:\\\/\\\/doncaracol.com\\\/#\\\/schema\\\/logo\\\/image\\\/\"}}]}<\/script>\n<!-- \/ Yoast SEO plugin. -->","yoast_head_json":{"title":"Pol\u00edtica de cookies - Don Caracol","robots":{"index":"index","follow":"follow","max-snippet":"max-snippet:-1","max-image-preview":"max-image-preview:large","max-video-preview":"max-video-preview:-1"},"canonical":"https:\/\/doncaracol.com\/ca\/politica-de-cookies\/","og_locale":"ca_ES","og_type":"article","og_title":"Pol\u00edtica de cookies - Don Caracol","og_description":"Pol\u00edtica de Cookies de Don Caracol S.L. \u00bfQu\u00e9 son las cookies? Las cookies son peque\u00f1os archivos de texto que se almacenan en el dispositivo del usuario cuando visita una p\u00e1gina web. Estas permiten que el sitio web recuerde informaci\u00f3n sobre su visita, como el idioma preferido y otras configuraciones, con el fin de mejorar su [&hellip;]","og_url":"https:\/\/doncaracol.com\/ca\/politica-de-cookies\/","og_site_name":"Don Caracol","article_modified_time":"2025-01-18T16:40:04+00:00","twitter_card":"summary_large_image","twitter_misc":{"Temps estimat de lectura":"2 minuts"},"schema":{"@context":"https:\/\/schema.org","@graph":[{"@type":"WebPage","@id":"https:\/\/doncaracol.com\/politica-de-cookies\/","url":"https:\/\/doncaracol.com\/politica-de-cookies\/","name":"Pol\u00edtica de cookies - Don Caracol","isPartOf":{"@id":"https:\/\/doncaracol.com\/#website"},"datePublished":"2024-12-29T09:32:44+00:00","dateModified":"2025-01-18T16:40:04+00:00","breadcrumb":{"@id":"https:\/\/doncaracol.com\/politica-de-cookies\/#breadcrumb"},"inLanguage":"ca","potentialAction":[{"@type":"ReadAction","target":["https:\/\/doncaracol.com\/politica-de-cookies\/"]}]},{"@type":"BreadcrumbList","@id":"https:\/\/doncaracol.com\/politica-de-cookies\/#breadcrumb","itemListElement":[{"@type":"ListItem","position":1,"name":"Portada","item":"https:\/\/doncaracol.com\/"},{"@type":"ListItem","position":2,"name":"Pol\u00edtica de cookies"}]},{"@type":"WebSite","@id":"https:\/\/doncaracol.com\/#website","url":"https:\/\/doncaracol.com\/","name":"Don Cargol","description":"Gaudeix de l\u00b4aut\u00e8ntica gastronomia en un ambient \u00fanic.","publisher":{"@id":"https:\/\/doncaracol.com\/#organization"},"potentialAction":[{"@type":"SearchAction","target":{"@type":"EntryPoint","urlTemplate":"https:\/\/doncaracol.com\/?s={search_term_string}"},"query-input":{"@type":"PropertyValueSpecification","valueRequired":true,"valueName":"search_term_string"}}],"inLanguage":"ca"},{"@type":"Organization","@id":"https:\/\/doncaracol.com\/#organization","name":"Don Cargol","url":"https:\/\/doncaracol.com\/","logo":{"@type":"ImageObject","inLanguage":"ca","@id":"https:\/\/doncaracol.com\/#\/schema\/logo\/image\/","url":"https:\/\/i0.wp.com\/doncaracol.com\/wp-content\/uploads\/2024\/12\/logo-don-caracol-mallorca.png?fit=291%2C125&ssl=1","contentUrl":"https:\/\/i0.wp.com\/doncaracol.com\/wp-content\/uploads\/2024\/12\/logo-don-caracol-mallorca.png?fit=291%2C125&ssl=1","width":291,"height":125,"caption":"Don Caracol"},"image":{"@id":"https:\/\/doncaracol.com\/#\/schema\/logo\/image\/"}}]}},"jetpack_likes_enabled":true,"jetpack_sharing_enabled":true,"jetpack_shortlink":"https:\/\/wp.me\/Pgfsmc-3b","jetpack-related-posts":[],"_links":{"self":[{"href":"https:\/\/doncaracol.com\/ca\/wp-json\/wp\/v2\/pages\/197","targetHints":{"allow":["GET"]}}],"collection":[{"href":"https:\/\/doncaracol.com\/ca\/wp-json\/wp\/v2\/pages"}],"about":[{"href":"https:\/\/doncaracol.com\/ca\/wp-json\/wp\/v2\/types\/page"}],"author":[{"embeddable":true,"href":"https:\/\/doncaracol.com\/ca\/wp-json\/wp\/v2\/users\/259874193"}],"replies":[{"embeddable":true,"href":"https:\/\/doncaracol.com\/ca\/wp-json\/wp\/v2\/comments?post=197"}],"version-history":[{"count":2,"href":"https:\/\/doncaracol.com\/ca\/wp-json\/wp\/v2\/pages\/197\/revisions"}],"predecessor-version":[{"id":371,"href":"https:\/\/doncaracol.com\/ca\/wp-json\/wp\/v2\/pages\/197\/revisions\/371"}],"wp:attachment":[{"href":"https:\/\/doncaracol.com\/ca\/wp-json\/wp\/v2\/media?parent=197"}],"curies":[{"name":"wp","href":"https:\/\/api.w.org\/{rel}","templated":true}]}}