{"id":193,"date":"2024-12-29T10:32:14","date_gmt":"2024-12-29T09:32:14","guid":{"rendered":"https:\/\/doncaracol.com\/?page_id=193"},"modified":"2025-03-04T18:46:29","modified_gmt":"2025-03-04T17:46:29","slug":"privacy-policy","status":"publish","type":"page","link":"https:\/\/doncaracol.com\/de\/privacy-policy\/","title":{"rendered":"Datenschutzbestimmungen"},"content":{"rendered":"<ul class=\"wp-block-list\">\n<li>Name des Unternehmens: Don Caracol S.L., nachstehend \"das Unternehmen\" genannt.<\/li>\n<\/ul>\n\n\n\n<ul class=\"wp-block-list\">\n<li>Eingetragene Anschrift: AVENIDA COMTE DE SALLENT, 6<\/li>\n<\/ul>\n\n\n\n<ul class=\"wp-block-list\">\n<li>Stadt: Palma de Mallorca.<\/li>\n<\/ul>\n\n\n\n<ul class=\"wp-block-list\">\n<li>Provinz: Illes Balears.<\/li>\n<\/ul>\n\n\n\n<ul class=\"wp-block-list\">\n<li>Postleitzahl: 07003.<\/li>\n<\/ul>\n\n\n\n<ul class=\"wp-block-list\">\n<li>C.I.F. Nummer: B57698714.<\/li>\n<\/ul>\n\n\n\n<ul class=\"wp-block-list\">\n<li>E-Mail Adresse:&nbsp;<a href=\"mailto:info@mesoncanpedro.es\">info@doncaracol.com<\/a><\/li>\n<\/ul>\n\n\n\n<ul class=\"wp-block-list\">\n<li>Telefonnummer der Kontaktperson: 971 75 84 30.<\/li>\n<\/ul>\n\n\n\n<p class=\"wp-block-paragraph\">Mit dem vorliegenden rechtlichen Hinweis informiert das Unternehmen die Nutzer der Website \u00fcber seine Politik zum Schutz der Privatsph\u00e4re und der personenbezogenen Daten.<\/p>\n\n\n\n<p class=\"wp-block-paragraph\">Der Nutzer kann uns \u00fcber die Formulare auf der Website freiwillig pers\u00f6nliche Informationen zur Verf\u00fcgung stellen.<\/p>\n\n\n\n<p class=\"wp-block-paragraph\">Gem\u00e4\u00df den Bestimmungen des Organgesetzes 15\/1999 vom 13. Dezember \u00fcber den Datenschutz informieren wir Sie dar\u00fcber, dass Sie mit der \u00dcbermittlung von pers\u00f6nlichen Daten \u00fcber die Formulare auf der Website, per E-Mail oder per Telefon die Verarbeitung dieser Daten gem\u00e4\u00df den in dieser Datenschutzerkl\u00e4rung angegebenen Bedingungen akzeptieren und damit einverstanden sind. Wir informieren Sie auch dar\u00fcber, dass das Unternehmen f\u00fcr die Verarbeitung verantwortlich ist und dass die \u00fcbermittelten Daten nicht ohne die Zustimmung des Eigent\u00fcmers an Dritte weitergegeben werden.<\/p>\n\n\n\n<p class=\"wp-block-paragraph\">Die gesammelten Daten werden in die Dateien mit personenbezogenen Daten aufgenommen, die ordnungsgem\u00e4\u00df im Register der spanischen Datenschutzbeh\u00f6rde eingetragen sind und deren Zweck es ist, die administrative und kommerzielle Verwaltung der Einrichtung durchzuf\u00fchren.<\/p>\n\n\n\n<p class=\"wp-block-paragraph\">Die Aus\u00fcbung des Rechts auf Auskunft, Berichtigung, L\u00f6schung und Widerspruch kann gem\u00e4\u00df den geltenden Rechtsvorschriften durch einen schriftlichen Antrag unter Angabe Ihrer Identit\u00e4t an die in der \u00dcberschrift dieser Datenschutzerkl\u00e4rung angegebene Adresse erfolgen.<\/p>\n\n\n\n<p class=\"wp-block-paragraph\">Das Unternehmen garantiert die Vertraulichkeit der \u00fcbermittelten Daten. Ebenso verpflichtet es sich, die in der Entwicklungsverordnung gem\u00e4\u00df dem K\u00f6niglichen Dekret 1720\/2007 vom 21. Dezember in Verbindung mit dem Organgesetz 15\/99 vom 13. Dezember \u00fcber den Datenschutz festgelegten Verpflichtungen zu erf\u00fcllen und die erforderlichen technischen und organisatorischen Ma\u00dfnahmen zu ergreifen, um den Verlust, den Missbrauch, die Ver\u00e4nderung und den unbefugten Zugriff zu verhindern, wobei der Stand der Technik, die Art der Daten und die Risiken, denen sie ausgesetzt sind, ber\u00fccksichtigt werden.<\/p>\n\n\n\n<p class=\"wp-block-paragraph\">Die in den verschiedenen Abschnitten markierten Felder sind f\u00fcr den festgelegten Zweck obligatorisch; wenn sie nicht ausgef\u00fcllt werden, ist der Versand nicht zul\u00e4ssig.<\/p>\n\n\n\n<p class=\"wp-block-paragraph\"><strong>Verwendung von Cookies<\/strong><\/p>\n\n\n\n<p class=\"wp-block-paragraph\">Der Zugriff auf die Website kann die Verwendung von Cookies beinhalten. Ein Cookie ist eine kleine Datei, die auf dem Computer des Nutzers gespeichert wird und die Wiedererkennung des Nutzers erm\u00f6glicht, obwohl sie keine pers\u00f6nlichen Informationen enth\u00e4lt, die eine Identifizierung des Nutzers erm\u00f6glichen. Ihre Hauptfunktionen bestehen darin, die Nutzer zu verfolgen oder Informationen \u00fcber ihre Surfgewohnheiten zu erhalten. Cookies sind f\u00fcr das Funktionieren des Internets unerl\u00e4sslich und bieten zahlreiche Vorteile bei der Bereitstellung interaktiver Dienste.<\/p>\n\n\n\n<p class=\"wp-block-paragraph\">Indem Sie weiter surfen, stimmen Sie der Nutzung zu. Sie k\u00f6nnen Ihre Zustimmung jederzeit widerrufen, indem Sie sie auf Ihrem Computer l\u00f6schen und die Einstellungen in Ihrem Browser \u00e4ndern.<\/p>\n\n\n\n<p class=\"wp-block-paragraph\">Die Verfahren zur Kontrolle und L\u00f6schung von Cookies variieren je nach verwendetem Browser. Weitere Informationen erhalten Sie \u00fcber die Hilfefunktion des Browsers oder \u00fcber die Konfiguration des Datenschutzmen\u00fcs.<\/p>\n\n\n\n<p class=\"wp-block-paragraph\">Wir verwenden nur anonyme Cookies f\u00fcr den internen Gebrauch, die f\u00fcr die Aufrechterhaltung des Inhalts und der Navigation notwendig sind, sowie Cookies, die von Dritten im Rahmen von Diensten verwaltet werden, die vom Nutzer ausdr\u00fccklich auf deren Websites angefordert werden (z. B. Social Plugins von Facebook oder Twitter mit der Funktion der \u00dcberwachung der Interaktion mit Widgets innerhalb der Website).<\/p>\n\n\n\n<p class=\"wp-block-paragraph\"><strong>Verarbeitung der \u00fcber das Kontaktformular erfassten Daten und \u00dcbermittlung von Lebensl\u00e4ufen<\/strong><\/p>\n\n\n\n<p class=\"wp-block-paragraph\">Die \u00fcber das Kontaktformular und das Formular f\u00fcr Lebensl\u00e4ufe auf dieser Website \u00fcbermittelten personenbezogenen Daten werden ausschlie\u00dflich f\u00fcr die folgenden Zwecke verwendet:<\/p>\n\n\n\n<ul class=\"wp-block-list\">\n<li>Verwalten Sie die \u00fcber das Formular gesendeten Informationsanfragen oder R\u00fcckfragen.<\/li>\n\n\n\n<li>Kontaktaufnahme mit Interessenten im Zusammenhang mit ihrer Bewerbung.<\/li>\n\n\n\n<li>Bewertung von Bewerbungen und Verwaltung von Einstellungsverfahren im Unternehmen.<\/li>\n<\/ul>\n\n\n\n<p class=\"wp-block-paragraph\">Wir speichern die Daten weder in einer Datenbank noch f\u00fchren wir irgendeine Art von automatisierter Verarbeitung durch. Die \u00fcber das Formular \u00fcbermittelten Daten werden nur per E-Mail an die Personalabteilung weitergeleitet und dort absolut vertraulich behandelt.<\/p>\n\n\n\n<p class=\"wp-block-paragraph\">Die Daten werden nicht an Dritte weitergegeben oder f\u00fcr andere als die oben genannten Zwecke verwendet.<\/p>\n\n\n\n<p class=\"wp-block-paragraph\">Das Absenden des Formulars setzt die ausdr\u00fcckliche Zustimmung des Nutzers zur Verarbeitung seiner Daten unter den in dieser Erkl\u00e4rung genannten Bedingungen voraus.<\/p>","protected":false},"excerpt":{"rendered":"<p>Mediante este aviso legal, la Empresa informa a los usuarios de la p\u00e1gina Web, acerca de su pol\u00edtica de privacidad y protecci\u00f3n de datos de car\u00e1cter personal. El usuario podr\u00e1 proporcionarnos de forma voluntaria, informaci\u00f3n de car\u00e1cter personal a trav\u00e9s de los formularios incluidos en la Web. De conformidad con lo dispuesto en la Ley [&hellip;]<\/p>\n","protected":false},"author":259874193,"featured_media":0,"parent":0,"menu_order":0,"comment_status":"closed","ping_status":"closed","template":"","meta":{"_crdt_document":"","jetpack_post_was_ever_published":false,"footnotes":""},"class_list":["post-193","page","type-page","status-publish","hentry"],"yoast_head":"<!-- This site is optimized with the Yoast SEO plugin v27.3 - https:\/\/yoast.com\/product\/yoast-seo-wordpress\/ -->\n<title>Pol\u00edtica de privacidad - Don Caracol<\/title>\n<meta name=\"robots\" content=\"index, follow, max-snippet:-1, max-image-preview:large, max-video-preview:-1\" \/>\n<link rel=\"canonical\" href=\"https:\/\/doncaracol.com\/de\/privacy-policy\/\" \/>\n<meta property=\"og:locale\" content=\"de_DE\" \/>\n<meta property=\"og:type\" content=\"article\" \/>\n<meta property=\"og:title\" content=\"Pol\u00edtica de privacidad - Don Caracol\" \/>\n<meta property=\"og:description\" content=\"Mediante este aviso legal, la Empresa informa a los usuarios de la p\u00e1gina Web, acerca de su pol\u00edtica de privacidad y protecci\u00f3n de datos de car\u00e1cter personal. El usuario podr\u00e1 proporcionarnos de forma voluntaria, informaci\u00f3n de car\u00e1cter personal a trav\u00e9s de los formularios incluidos en la Web. De conformidad con lo dispuesto en la Ley [&hellip;]\" \/>\n<meta property=\"og:url\" content=\"https:\/\/doncaracol.com\/de\/privacy-policy\/\" \/>\n<meta property=\"og:site_name\" content=\"Don Caracol\" \/>\n<meta property=\"article:modified_time\" content=\"2025-03-04T17:46:29+00:00\" \/>\n<meta name=\"twitter:card\" content=\"summary_large_image\" \/>\n<meta name=\"twitter:label1\" content=\"Gesch\u00e4tzte Lesezeit\" \/>\n\t<meta name=\"twitter:data1\" content=\"4\u00a0Minuten\" \/>\n<script type=\"application\/ld+json\" class=\"yoast-schema-graph\">{\"@context\":\"https:\\\/\\\/schema.org\",\"@graph\":[{\"@type\":\"WebPage\",\"@id\":\"https:\\\/\\\/doncaracol.com\\\/politica-de-privacidad\\\/\",\"url\":\"https:\\\/\\\/doncaracol.com\\\/politica-de-privacidad\\\/\",\"name\":\"Pol\u00edtica de privacidad - Don Caracol\",\"isPartOf\":{\"@id\":\"https:\\\/\\\/doncaracol.com\\\/#website\"},\"datePublished\":\"2024-12-29T09:32:14+00:00\",\"dateModified\":\"2025-03-04T17:46:29+00:00\",\"breadcrumb\":{\"@id\":\"https:\\\/\\\/doncaracol.com\\\/politica-de-privacidad\\\/#breadcrumb\"},\"inLanguage\":\"de\",\"potentialAction\":[{\"@type\":\"ReadAction\",\"target\":[\"https:\\\/\\\/doncaracol.com\\\/politica-de-privacidad\\\/\"]}]},{\"@type\":\"BreadcrumbList\",\"@id\":\"https:\\\/\\\/doncaracol.com\\\/politica-de-privacidad\\\/#breadcrumb\",\"itemListElement\":[{\"@type\":\"ListItem\",\"position\":1,\"name\":\"Portada\",\"item\":\"https:\\\/\\\/doncaracol.com\\\/\"},{\"@type\":\"ListItem\",\"position\":2,\"name\":\"Pol\u00edtica de privacidad\"}]},{\"@type\":\"WebSite\",\"@id\":\"https:\\\/\\\/doncaracol.com\\\/#website\",\"url\":\"https:\\\/\\\/doncaracol.com\\\/\",\"name\":\"Don Caracol\",\"description\":\"Disfruta de la aut\u00e9ntica gastronom\u00eda en un ambiente \u00fanico.\",\"publisher\":{\"@id\":\"https:\\\/\\\/doncaracol.com\\\/#organization\"},\"potentialAction\":[{\"@type\":\"SearchAction\",\"target\":{\"@type\":\"EntryPoint\",\"urlTemplate\":\"https:\\\/\\\/doncaracol.com\\\/?s={search_term_string}\"},\"query-input\":{\"@type\":\"PropertyValueSpecification\",\"valueRequired\":true,\"valueName\":\"search_term_string\"}}],\"inLanguage\":\"de\"},{\"@type\":\"Organization\",\"@id\":\"https:\\\/\\\/doncaracol.com\\\/#organization\",\"name\":\"Don Caracol\",\"url\":\"https:\\\/\\\/doncaracol.com\\\/\",\"logo\":{\"@type\":\"ImageObject\",\"inLanguage\":\"de\",\"@id\":\"https:\\\/\\\/doncaracol.com\\\/#\\\/schema\\\/logo\\\/image\\\/\",\"url\":\"https:\\\/\\\/i0.wp.com\\\/doncaracol.com\\\/wp-content\\\/uploads\\\/2024\\\/12\\\/logo-don-caracol-mallorca.png?fit=291%2C125&ssl=1\",\"contentUrl\":\"https:\\\/\\\/i0.wp.com\\\/doncaracol.com\\\/wp-content\\\/uploads\\\/2024\\\/12\\\/logo-don-caracol-mallorca.png?fit=291%2C125&ssl=1\",\"width\":291,\"height\":125,\"caption\":\"Don Caracol\"},\"image\":{\"@id\":\"https:\\\/\\\/doncaracol.com\\\/#\\\/schema\\\/logo\\\/image\\\/\"}}]}<\/script>\n<!-- \/ Yoast SEO plugin. -->","yoast_head_json":{"title":"Datenschutzerkl\u00e4rung - Don Caracol","robots":{"index":"index","follow":"follow","max-snippet":"max-snippet:-1","max-image-preview":"max-image-preview:large","max-video-preview":"max-video-preview:-1"},"canonical":"https:\/\/doncaracol.com\/de\/privacy-policy\/","og_locale":"de_DE","og_type":"article","og_title":"Pol\u00edtica de privacidad - Don Caracol","og_description":"Mediante este aviso legal, la Empresa informa a los usuarios de la p\u00e1gina Web, acerca de su pol\u00edtica de privacidad y protecci\u00f3n de datos de car\u00e1cter personal. El usuario podr\u00e1 proporcionarnos de forma voluntaria, informaci\u00f3n de car\u00e1cter personal a trav\u00e9s de los formularios incluidos en la Web. De conformidad con lo dispuesto en la Ley [&hellip;]","og_url":"https:\/\/doncaracol.com\/de\/privacy-policy\/","og_site_name":"Don Caracol","article_modified_time":"2025-03-04T17:46:29+00:00","twitter_card":"summary_large_image","twitter_misc":{"Gesch\u00e4tzte Lesezeit":"4\u00a0Minuten"},"schema":{"@context":"https:\/\/schema.org","@graph":[{"@type":"WebPage","@id":"https:\/\/doncaracol.com\/politica-de-privacidad\/","url":"https:\/\/doncaracol.com\/politica-de-privacidad\/","name":"Datenschutzerkl\u00e4rung - Don Caracol","isPartOf":{"@id":"https:\/\/doncaracol.com\/#website"},"datePublished":"2024-12-29T09:32:14+00:00","dateModified":"2025-03-04T17:46:29+00:00","breadcrumb":{"@id":"https:\/\/doncaracol.com\/politica-de-privacidad\/#breadcrumb"},"inLanguage":"de","potentialAction":[{"@type":"ReadAction","target":["https:\/\/doncaracol.com\/politica-de-privacidad\/"]}]},{"@type":"BreadcrumbList","@id":"https:\/\/doncaracol.com\/politica-de-privacidad\/#breadcrumb","itemListElement":[{"@type":"ListItem","position":1,"name":"Portada","item":"https:\/\/doncaracol.com\/"},{"@type":"ListItem","position":2,"name":"Pol\u00edtica de privacidad"}]},{"@type":"WebSite","@id":"https:\/\/doncaracol.com\/#website","url":"https:\/\/doncaracol.com\/","name":"Don Caracol","description":"Genie\u00dfen Sie authentische Gastronomie in einer einzigartigen Atmosph\u00e4re.","publisher":{"@id":"https:\/\/doncaracol.com\/#organization"},"potentialAction":[{"@type":"SearchAction","target":{"@type":"EntryPoint","urlTemplate":"https:\/\/doncaracol.com\/?s={search_term_string}"},"query-input":{"@type":"PropertyValueSpecification","valueRequired":true,"valueName":"search_term_string"}}],"inLanguage":"de"},{"@type":"Organization","@id":"https:\/\/doncaracol.com\/#organization","name":"Don Caracol","url":"https:\/\/doncaracol.com\/","logo":{"@type":"ImageObject","inLanguage":"de","@id":"https:\/\/doncaracol.com\/#\/schema\/logo\/image\/","url":"https:\/\/i0.wp.com\/doncaracol.com\/wp-content\/uploads\/2024\/12\/logo-don-caracol-mallorca.png?fit=291%2C125&ssl=1","contentUrl":"https:\/\/i0.wp.com\/doncaracol.com\/wp-content\/uploads\/2024\/12\/logo-don-caracol-mallorca.png?fit=291%2C125&ssl=1","width":291,"height":125,"caption":"Don Caracol"},"image":{"@id":"https:\/\/doncaracol.com\/#\/schema\/logo\/image\/"}}]}},"jetpack_likes_enabled":true,"jetpack_sharing_enabled":true,"jetpack_shortlink":"https:\/\/wp.me\/Pgfsmc-37","jetpack-related-posts":[],"_links":{"self":[{"href":"https:\/\/doncaracol.com\/de\/wp-json\/wp\/v2\/pages\/193","targetHints":{"allow":["GET"]}}],"collection":[{"href":"https:\/\/doncaracol.com\/de\/wp-json\/wp\/v2\/pages"}],"about":[{"href":"https:\/\/doncaracol.com\/de\/wp-json\/wp\/v2\/types\/page"}],"author":[{"embeddable":true,"href":"https:\/\/doncaracol.com\/de\/wp-json\/wp\/v2\/users\/259874193"}],"replies":[{"embeddable":true,"href":"https:\/\/doncaracol.com\/de\/wp-json\/wp\/v2\/comments?post=193"}],"version-history":[{"count":4,"href":"https:\/\/doncaracol.com\/de\/wp-json\/wp\/v2\/pages\/193\/revisions"}],"predecessor-version":[{"id":474,"href":"https:\/\/doncaracol.com\/de\/wp-json\/wp\/v2\/pages\/193\/revisions\/474"}],"wp:attachment":[{"href":"https:\/\/doncaracol.com\/de\/wp-json\/wp\/v2\/media?parent=193"}],"curies":[{"name":"wp","href":"https:\/\/api.w.org\/{rel}","templated":true}]}}