{"id":28,"date":"2024-12-22T18:14:22","date_gmt":"2024-12-22T17:14:22","guid":{"rendered":"https:\/\/doncaracol.com\/?page_id=28"},"modified":"2025-12-08T15:30:37","modified_gmt":"2025-12-08T14:30:37","slug":"menus","status":"publish","type":"page","link":"https:\/\/doncaracol.com\/en\/menus\/","title":{"rendered":"Menu"},"content":{"rendered":"<div class=\"wp-block-group alignfull is-style-section-1 has-global-padding is-content-justification-center is-layout-constrained wp-container-core-group-is-layout-e4017bed wp-block-group-is-layout-constrained\" style=\"margin-top:0;margin-bottom:0;padding-top:var(--wp--preset--spacing--40);padding-bottom:var(--wp--preset--spacing--40)\">\n<h2 class=\"wp-block-heading\"><strong>NEW YEAR'S EVE MENU<\/strong><\/h2>\n\n\n\n<p class=\"wp-block-paragraph\"><strong>We bid farewell to the year with you<\/strong><\/p>\n\n\n\n<p class=\"wp-block-paragraph\">This December 31st we are waiting for you in Don Caracol with a <strong>special New Year's Eve menu<\/strong> designed to enjoy, toast and start 2026 as it deserves.<\/p>\n\n\n\n<figure class=\"wp-block-image size-large\"><img data-recalc-dims=\"1\" loading=\"lazy\" decoding=\"async\" width=\"717\" height=\"1024\" data-attachment-id=\"739\" data-permalink=\"https:\/\/doncaracol.com\/en\/noche_vieja\/\" data-orig-file=\"https:\/\/i0.wp.com\/doncaracol.com\/wp-content\/uploads\/2025\/12\/noche_vieja.jpeg?fit=1121%2C1600&amp;ssl=1\" data-orig-size=\"1121,1600\" data-comments-opened=\"1\" data-image-meta=\"{&quot;aperture&quot;:&quot;0&quot;,&quot;credit&quot;:&quot;&quot;,&quot;camera&quot;:&quot;&quot;,&quot;caption&quot;:&quot;&quot;,&quot;created_timestamp&quot;:&quot;0&quot;,&quot;copyright&quot;:&quot;&quot;,&quot;focal_length&quot;:&quot;0&quot;,&quot;iso&quot;:&quot;0&quot;,&quot;shutter_speed&quot;:&quot;0&quot;,&quot;title&quot;:&quot;&quot;,&quot;orientation&quot;:&quot;0&quot;}\" data-image-title=\"noche_vieja\" data-image-description=\"\" data-image-caption=\"\" data-large-file=\"https:\/\/i0.wp.com\/doncaracol.com\/wp-content\/uploads\/2025\/12\/noche_vieja.jpeg?fit=717%2C1024&amp;ssl=1\" src=\"https:\/\/i0.wp.com\/doncaracol.com\/wp-content\/uploads\/2025\/12\/noche_vieja.jpeg?resize=717%2C1024&#038;ssl=1\" alt=\"\" class=\"wp-image-739\" srcset=\"https:\/\/i0.wp.com\/doncaracol.com\/wp-content\/uploads\/2025\/12\/noche_vieja.jpeg?resize=717%2C1024&amp;ssl=1 717w, https:\/\/i0.wp.com\/doncaracol.com\/wp-content\/uploads\/2025\/12\/noche_vieja.jpeg?resize=210%2C300&amp;ssl=1 210w, https:\/\/i0.wp.com\/doncaracol.com\/wp-content\/uploads\/2025\/12\/noche_vieja.jpeg?resize=768%2C1096&amp;ssl=1 768w, https:\/\/i0.wp.com\/doncaracol.com\/wp-content\/uploads\/2025\/12\/noche_vieja.jpeg?resize=1076%2C1536&amp;ssl=1 1076w, https:\/\/i0.wp.com\/doncaracol.com\/wp-content\/uploads\/2025\/12\/noche_vieja.jpeg?resize=8%2C12&amp;ssl=1 8w, https:\/\/i0.wp.com\/doncaracol.com\/wp-content\/uploads\/2025\/12\/noche_vieja.jpeg?w=1121&amp;ssl=1 1121w\" sizes=\"auto, (max-width: 717px) 100vw, 717px\" \/><\/figure>\n\n\n\n<p class=\"wp-block-paragraph\"><\/p>\n\n\n\n<p class=\"has-medium-font-size wp-block-paragraph\" style=\"margin-top:0;margin-right:0;margin-bottom:0;margin-left:0\">In <strong>Gift Snail<\/strong>We have designed three unique menus that stand out for their quality and flavour, designed to satisfy all palates. From traditional options to innovative combinations, each menu is an invitation to enjoy a memorable dining experience.<\/p>\n\n\n\n<figure class=\"wp-block-image aligncenter size-large is-resized\"><img data-recalc-dims=\"1\" loading=\"lazy\" decoding=\"async\" width=\"724\" height=\"1024\" data-attachment-id=\"699\" data-permalink=\"https:\/\/doncaracol.com\/en\/doncaracol-menu\/\" data-orig-file=\"https:\/\/i0.wp.com\/doncaracol.com\/wp-content\/uploads\/2025\/10\/doncaracol-menu.jpeg?fit=1931%2C2732&amp;ssl=1\" data-orig-size=\"1931,2732\" data-comments-opened=\"1\" data-image-meta=\"{&quot;aperture&quot;:&quot;0&quot;,&quot;credit&quot;:&quot;&quot;,&quot;camera&quot;:&quot;&quot;,&quot;caption&quot;:&quot;&quot;,&quot;created_timestamp&quot;:&quot;0&quot;,&quot;copyright&quot;:&quot;&quot;,&quot;focal_length&quot;:&quot;0&quot;,&quot;iso&quot;:&quot;0&quot;,&quot;shutter_speed&quot;:&quot;0&quot;,&quot;title&quot;:&quot;&quot;,&quot;orientation&quot;:&quot;0&quot;}\" data-image-title=\"doncaracol-menu\" data-image-description=\"\" data-image-caption=\"\" data-large-file=\"https:\/\/i0.wp.com\/doncaracol.com\/wp-content\/uploads\/2025\/10\/doncaracol-menu.jpeg?fit=724%2C1024&amp;ssl=1\" src=\"https:\/\/i0.wp.com\/doncaracol.com\/wp-content\/uploads\/2025\/10\/doncaracol-menu.jpeg?resize=724%2C1024&#038;ssl=1\" alt=\"\" class=\"wp-image-699\" style=\"width:743px;height:auto\" srcset=\"https:\/\/i0.wp.com\/doncaracol.com\/wp-content\/uploads\/2025\/10\/doncaracol-menu.jpeg?resize=724%2C1024&amp;ssl=1 724w, https:\/\/i0.wp.com\/doncaracol.com\/wp-content\/uploads\/2025\/10\/doncaracol-menu.jpeg?resize=212%2C300&amp;ssl=1 212w, https:\/\/i0.wp.com\/doncaracol.com\/wp-content\/uploads\/2025\/10\/doncaracol-menu.jpeg?resize=768%2C1087&amp;ssl=1 768w, https:\/\/i0.wp.com\/doncaracol.com\/wp-content\/uploads\/2025\/10\/doncaracol-menu.jpeg?resize=1086%2C1536&amp;ssl=1 1086w, https:\/\/i0.wp.com\/doncaracol.com\/wp-content\/uploads\/2025\/10\/doncaracol-menu.jpeg?resize=1448%2C2048&amp;ssl=1 1448w, https:\/\/i0.wp.com\/doncaracol.com\/wp-content\/uploads\/2025\/10\/doncaracol-menu.jpeg?resize=8%2C12&amp;ssl=1 8w, https:\/\/i0.wp.com\/doncaracol.com\/wp-content\/uploads\/2025\/10\/doncaracol-menu.jpeg?w=1931&amp;ssl=1 1931w\" sizes=\"auto, (max-width: 724px) 100vw, 724px\" \/><\/figure>\n<\/div>\n\n\n\n<div class=\"wp-block-group alignfull has-background has-global-padding is-layout-constrained wp-container-core-group-is-layout-36f65c2d wp-block-group-is-layout-constrained\" style=\"background-color:#fff6d5;margin-top:0;margin-bottom:0;padding-top:var(--wp--preset--spacing--50);padding-right:var(--wp--preset--spacing--50);padding-bottom:var(--wp--preset--spacing--50);padding-left:var(--wp--preset--spacing--50)\">\n<div class=\"wp-block-columns alignwide is-layout-flex wp-container-core-columns-is-layout-a0d91a25 wp-block-columns-is-layout-flex\">\n<div class=\"wp-block-column is-vertically-aligned-center is-layout-flow wp-block-column-is-layout-flow\" style=\"flex-basis:60%\">\n<figure class=\"wp-block-image size-full is-style-rounded wp-duotone-unset-2 is-style-rounded--1\"><img data-recalc-dims=\"1\" loading=\"lazy\" decoding=\"async\" width=\"1200\" height=\"675\" data-attachment-id=\"349\" data-permalink=\"https:\/\/doncaracol.com\/en\/menus\/rd93-don-caracol-saranjassa-design\/\" data-orig-file=\"https:\/\/i0.wp.com\/doncaracol.com\/wp-content\/uploads\/2025\/01\/rd93-Don-Caracol-SAranjassa-design.jpg?fit=1200%2C675&amp;ssl=1\" data-orig-size=\"1200,675\" data-comments-opened=\"1\" data-image-meta=\"{&quot;aperture&quot;:&quot;0&quot;,&quot;credit&quot;:&quot;&quot;,&quot;camera&quot;:&quot;&quot;,&quot;caption&quot;:&quot;&quot;,&quot;created_timestamp&quot;:&quot;0&quot;,&quot;copyright&quot;:&quot;&quot;,&quot;focal_length&quot;:&quot;0&quot;,&quot;iso&quot;:&quot;0&quot;,&quot;shutter_speed&quot;:&quot;0&quot;,&quot;title&quot;:&quot;&quot;,&quot;orientation&quot;:&quot;0&quot;}\" data-image-title=\"rd93-Don-Caracol-SAranjassa-design\" data-image-description=\"\" data-image-caption=\"\" data-large-file=\"https:\/\/i0.wp.com\/doncaracol.com\/wp-content\/uploads\/2025\/01\/rd93-Don-Caracol-SAranjassa-design.jpg?fit=1024%2C576&amp;ssl=1\" src=\"https:\/\/i0.wp.com\/doncaracol.com\/wp-content\/uploads\/2025\/01\/rd93-Don-Caracol-SAranjassa-design.jpg?resize=1200%2C675&#038;ssl=1\" alt=\"\" class=\"wp-image-349\" style=\"aspect-ratio:1.3333333333333333;object-fit:cover\" srcset=\"https:\/\/i0.wp.com\/doncaracol.com\/wp-content\/uploads\/2025\/01\/rd93-Don-Caracol-SAranjassa-design.jpg?w=1200&amp;ssl=1 1200w, https:\/\/i0.wp.com\/doncaracol.com\/wp-content\/uploads\/2025\/01\/rd93-Don-Caracol-SAranjassa-design.jpg?resize=300%2C169&amp;ssl=1 300w, https:\/\/i0.wp.com\/doncaracol.com\/wp-content\/uploads\/2025\/01\/rd93-Don-Caracol-SAranjassa-design.jpg?resize=1024%2C576&amp;ssl=1 1024w, https:\/\/i0.wp.com\/doncaracol.com\/wp-content\/uploads\/2025\/01\/rd93-Don-Caracol-SAranjassa-design.jpg?resize=768%2C432&amp;ssl=1 768w\" sizes=\"auto, (max-width: 1000px) 100vw, 1000px\" \/><\/figure>\n<\/div>\n\n\n\n<div class=\"wp-block-column is-layout-flow wp-block-column-is-layout-flow\" style=\"flex-basis:40%\">\n<h2 class=\"wp-block-heading\">Wedding menu<\/h2>\n\n\n\n<p class=\"wp-block-paragraph\">At Don Caracol, we make your wedding an unforgettable event. <\/p>\n\n\n\n<p class=\"wp-block-paragraph\"> Explore our options and discover the perfect menu for your celebration.<\/p>\n\n\n\n<div class=\"wp-block-buttons is-layout-flex wp-block-buttons-is-layout-flex\">\n<div class=\"wp-block-button\"><a class=\"wp-block-button__link wp-element-button\" href=\"https:\/\/doncaracol.com\/wp-content\/uploads\/2025\/01\/Menu-bodas-50-sin-barra-libre-2024-copia.pdf\" target=\"_blank\" rel=\"noreferrer noopener\">CLASSIC<\/a><\/div>\n\n\n\n<div class=\"wp-block-button\"><a class=\"wp-block-button__link wp-element-button\" href=\"https:\/\/doncaracol.com\/wp-content\/uploads\/2025\/01\/Menu-bodas-55e-sin-barra-libre-2024.pdf\" target=\"_blank\" rel=\"noreferrer noopener\">PREMIUM<\/a><\/div>\n<\/div>\n<\/div>\n<\/div>\n<\/div>\n\n\n\n<div style=\"height:100px\" aria-hidden=\"true\" class=\"wp-block-spacer\"><\/div>","protected":false},"excerpt":{"rendered":"<p>MEN\u00da NOCHEVIEJA Despedimos el a\u00f1o contigo Este 31 de diciembre te esperamos en Don Caracol con un men\u00fa especial de Nochevieja pensado para disfrutar, brindar y empezar 2026 como se merece. En Don Caracol, hemos dise\u00f1ado tres men\u00fas \u00fanicos que destacan por su calidad y sabor, pensados para satisfacer todos los paladares. Desde opciones tradicionales [&hellip;]<\/p>\n","protected":false},"author":259874193,"featured_media":0,"parent":0,"menu_order":0,"comment_status":"closed","ping_status":"closed","template":"page-no-title","meta":{"_crdt_document":"","footnotes":""},"class_list":["post-28","page","type-page","status-publish","hentry"],"yoast_head":"<!-- This site is optimized with the Yoast SEO plugin v27.4 - https:\/\/yoast.com\/product\/yoast-seo-wordpress\/ -->\n<title>Men\u00fa - Don Caracol<\/title>\n<meta name=\"robots\" content=\"index, follow, max-snippet:-1, max-image-preview:large, max-video-preview:-1\" \/>\n<link rel=\"canonical\" href=\"https:\/\/doncaracol.com\/en\/menus\/\" \/>\n<meta property=\"og:locale\" content=\"en_GB\" \/>\n<meta property=\"og:type\" content=\"article\" \/>\n<meta property=\"og:title\" content=\"Men\u00fa - Don Caracol\" \/>\n<meta property=\"og:description\" content=\"MEN\u00da NOCHEVIEJA Despedimos el a\u00f1o contigo Este 31 de diciembre te esperamos en Don Caracol con un men\u00fa especial de Nochevieja pensado para disfrutar, brindar y empezar 2026 como se merece. En Don Caracol, hemos dise\u00f1ado tres men\u00fas \u00fanicos que destacan por su calidad y sabor, pensados para satisfacer todos los paladares. Desde opciones tradicionales [&hellip;]\" \/>\n<meta property=\"og:url\" content=\"https:\/\/doncaracol.com\/en\/menus\/\" \/>\n<meta property=\"og:site_name\" content=\"Don Caracol\" \/>\n<meta property=\"article:modified_time\" content=\"2025-12-08T14:30:37+00:00\" \/>\n<meta property=\"og:image\" content=\"https:\/\/doncaracol.com\/wp-content\/uploads\/2025\/12\/noche_vieja-717x1024.jpeg\" \/>\n<meta name=\"twitter:card\" content=\"summary_large_image\" \/>\n<meta name=\"twitter:label1\" content=\"Estimated reading time\" \/>\n\t<meta name=\"twitter:data1\" content=\"2 minutes\" \/>\n<script type=\"application\/ld+json\" class=\"yoast-schema-graph\">{\"@context\":\"https:\\\/\\\/schema.org\",\"@graph\":[{\"@type\":\"WebPage\",\"@id\":\"https:\\\/\\\/doncaracol.com\\\/menus\\\/\",\"url\":\"https:\\\/\\\/doncaracol.com\\\/menus\\\/\",\"name\":\"Men\u00fa - Don Caracol\",\"isPartOf\":{\"@id\":\"https:\\\/\\\/doncaracol.com\\\/#website\"},\"primaryImageOfPage\":{\"@id\":\"https:\\\/\\\/doncaracol.com\\\/menus\\\/#primaryimage\"},\"image\":{\"@id\":\"https:\\\/\\\/doncaracol.com\\\/menus\\\/#primaryimage\"},\"thumbnailUrl\":\"https:\\\/\\\/doncaracol.com\\\/wp-content\\\/uploads\\\/2025\\\/12\\\/noche_vieja-717x1024.jpeg\",\"datePublished\":\"2024-12-22T17:14:22+00:00\",\"dateModified\":\"2025-12-08T14:30:37+00:00\",\"breadcrumb\":{\"@id\":\"https:\\\/\\\/doncaracol.com\\\/menus\\\/#breadcrumb\"},\"inLanguage\":\"en-GB\",\"potentialAction\":[{\"@type\":\"ReadAction\",\"target\":[\"https:\\\/\\\/doncaracol.com\\\/menus\\\/\"]}]},{\"@type\":\"ImageObject\",\"inLanguage\":\"en-GB\",\"@id\":\"https:\\\/\\\/doncaracol.com\\\/menus\\\/#primaryimage\",\"url\":\"https:\\\/\\\/doncaracol.com\\\/wp-content\\\/uploads\\\/2025\\\/12\\\/noche_vieja-717x1024.jpeg\",\"contentUrl\":\"https:\\\/\\\/doncaracol.com\\\/wp-content\\\/uploads\\\/2025\\\/12\\\/noche_vieja-717x1024.jpeg\"},{\"@type\":\"BreadcrumbList\",\"@id\":\"https:\\\/\\\/doncaracol.com\\\/menus\\\/#breadcrumb\",\"itemListElement\":[{\"@type\":\"ListItem\",\"position\":1,\"name\":\"Portada\",\"item\":\"https:\\\/\\\/doncaracol.com\\\/\"},{\"@type\":\"ListItem\",\"position\":2,\"name\":\"Men\u00fa\"}]},{\"@type\":\"WebSite\",\"@id\":\"https:\\\/\\\/doncaracol.com\\\/#website\",\"url\":\"https:\\\/\\\/doncaracol.com\\\/\",\"name\":\"Don Caracol\",\"description\":\"Disfruta de la aut\u00e9ntica gastronom\u00eda en un ambiente \u00fanico.\",\"publisher\":{\"@id\":\"https:\\\/\\\/doncaracol.com\\\/#organization\"},\"potentialAction\":[{\"@type\":\"SearchAction\",\"target\":{\"@type\":\"EntryPoint\",\"urlTemplate\":\"https:\\\/\\\/doncaracol.com\\\/?s={search_term_string}\"},\"query-input\":{\"@type\":\"PropertyValueSpecification\",\"valueRequired\":true,\"valueName\":\"search_term_string\"}}],\"inLanguage\":\"en-GB\"},{\"@type\":\"Organization\",\"@id\":\"https:\\\/\\\/doncaracol.com\\\/#organization\",\"name\":\"Don Caracol\",\"url\":\"https:\\\/\\\/doncaracol.com\\\/\",\"logo\":{\"@type\":\"ImageObject\",\"inLanguage\":\"en-GB\",\"@id\":\"https:\\\/\\\/doncaracol.com\\\/#\\\/schema\\\/logo\\\/image\\\/\",\"url\":\"https:\\\/\\\/i0.wp.com\\\/doncaracol.com\\\/wp-content\\\/uploads\\\/2024\\\/12\\\/logo-don-caracol-mallorca.png?fit=291%2C125&ssl=1\",\"contentUrl\":\"https:\\\/\\\/i0.wp.com\\\/doncaracol.com\\\/wp-content\\\/uploads\\\/2024\\\/12\\\/logo-don-caracol-mallorca.png?fit=291%2C125&ssl=1\",\"width\":291,\"height\":125,\"caption\":\"Don Caracol\"},\"image\":{\"@id\":\"https:\\\/\\\/doncaracol.com\\\/#\\\/schema\\\/logo\\\/image\\\/\"}}]}<\/script>\n<!-- \/ Yoast SEO plugin. -->","yoast_head_json":{"title":"Menu - Don Caracol","robots":{"index":"index","follow":"follow","max-snippet":"max-snippet:-1","max-image-preview":"max-image-preview:large","max-video-preview":"max-video-preview:-1"},"canonical":"https:\/\/doncaracol.com\/en\/menus\/","og_locale":"en_GB","og_type":"article","og_title":"Men\u00fa - Don Caracol","og_description":"MEN\u00da NOCHEVIEJA Despedimos el a\u00f1o contigo Este 31 de diciembre te esperamos en Don Caracol con un men\u00fa especial de Nochevieja pensado para disfrutar, brindar y empezar 2026 como se merece. En Don Caracol, hemos dise\u00f1ado tres men\u00fas \u00fanicos que destacan por su calidad y sabor, pensados para satisfacer todos los paladares. Desde opciones tradicionales [&hellip;]","og_url":"https:\/\/doncaracol.com\/en\/menus\/","og_site_name":"Don Caracol","article_modified_time":"2025-12-08T14:30:37+00:00","og_image":[{"url":"https:\/\/doncaracol.com\/wp-content\/uploads\/2025\/12\/noche_vieja-717x1024.jpeg","type":"","width":"","height":""}],"twitter_card":"summary_large_image","twitter_misc":{"Estimated reading time":"2 minutes"},"schema":{"@context":"https:\/\/schema.org","@graph":[{"@type":"WebPage","@id":"https:\/\/doncaracol.com\/menus\/","url":"https:\/\/doncaracol.com\/menus\/","name":"Menu - Don Caracol","isPartOf":{"@id":"https:\/\/doncaracol.com\/#website"},"primaryImageOfPage":{"@id":"https:\/\/doncaracol.com\/menus\/#primaryimage"},"image":{"@id":"https:\/\/doncaracol.com\/menus\/#primaryimage"},"thumbnailUrl":"https:\/\/doncaracol.com\/wp-content\/uploads\/2025\/12\/noche_vieja-717x1024.jpeg","datePublished":"2024-12-22T17:14:22+00:00","dateModified":"2025-12-08T14:30:37+00:00","breadcrumb":{"@id":"https:\/\/doncaracol.com\/menus\/#breadcrumb"},"inLanguage":"en-GB","potentialAction":[{"@type":"ReadAction","target":["https:\/\/doncaracol.com\/menus\/"]}]},{"@type":"ImageObject","inLanguage":"en-GB","@id":"https:\/\/doncaracol.com\/menus\/#primaryimage","url":"https:\/\/doncaracol.com\/wp-content\/uploads\/2025\/12\/noche_vieja-717x1024.jpeg","contentUrl":"https:\/\/doncaracol.com\/wp-content\/uploads\/2025\/12\/noche_vieja-717x1024.jpeg"},{"@type":"BreadcrumbList","@id":"https:\/\/doncaracol.com\/menus\/#breadcrumb","itemListElement":[{"@type":"ListItem","position":1,"name":"Portada","item":"https:\/\/doncaracol.com\/"},{"@type":"ListItem","position":2,"name":"Men\u00fa"}]},{"@type":"WebSite","@id":"https:\/\/doncaracol.com\/#website","url":"https:\/\/doncaracol.com\/","name":"Gift Snail","description":"Enjoy the authentic cuisine in a unique atmosphere.","publisher":{"@id":"https:\/\/doncaracol.com\/#organization"},"potentialAction":[{"@type":"SearchAction","target":{"@type":"EntryPoint","urlTemplate":"https:\/\/doncaracol.com\/?s={search_term_string}"},"query-input":{"@type":"PropertyValueSpecification","valueRequired":true,"valueName":"search_term_string"}}],"inLanguage":"en-GB"},{"@type":"Organization","@id":"https:\/\/doncaracol.com\/#organization","name":"Gift Snail","url":"https:\/\/doncaracol.com\/","logo":{"@type":"ImageObject","inLanguage":"en-GB","@id":"https:\/\/doncaracol.com\/#\/schema\/logo\/image\/","url":"https:\/\/i0.wp.com\/doncaracol.com\/wp-content\/uploads\/2024\/12\/logo-don-caracol-mallorca.png?fit=291%2C125&ssl=1","contentUrl":"https:\/\/i0.wp.com\/doncaracol.com\/wp-content\/uploads\/2024\/12\/logo-don-caracol-mallorca.png?fit=291%2C125&ssl=1","width":291,"height":125,"caption":"Don Caracol"},"image":{"@id":"https:\/\/doncaracol.com\/#\/schema\/logo\/image\/"}}]}},"jetpack_likes_enabled":true,"jetpack_sharing_enabled":true,"jetpack_shortlink":"https:\/\/wp.me\/Pgfsmc-s","jetpack-related-posts":[],"_links":{"self":[{"href":"https:\/\/doncaracol.com\/en\/wp-json\/wp\/v2\/pages\/28","targetHints":{"allow":["GET"]}}],"collection":[{"href":"https:\/\/doncaracol.com\/en\/wp-json\/wp\/v2\/pages"}],"about":[{"href":"https:\/\/doncaracol.com\/en\/wp-json\/wp\/v2\/types\/page"}],"author":[{"embeddable":true,"href":"https:\/\/doncaracol.com\/en\/wp-json\/wp\/v2\/users\/259874193"}],"replies":[{"embeddable":true,"href":"https:\/\/doncaracol.com\/en\/wp-json\/wp\/v2\/comments?post=28"}],"version-history":[{"count":28,"href":"https:\/\/doncaracol.com\/en\/wp-json\/wp\/v2\/pages\/28\/revisions"}],"predecessor-version":[{"id":744,"href":"https:\/\/doncaracol.com\/en\/wp-json\/wp\/v2\/pages\/28\/revisions\/744"}],"wp:attachment":[{"href":"https:\/\/doncaracol.com\/en\/wp-json\/wp\/v2\/media?parent=28"}],"curies":[{"name":"wp","href":"https:\/\/api.w.org\/{rel}","templated":true}]}}