{"id":24,"date":"2024-12-22T18:06:03","date_gmt":"2024-12-22T17:06:03","guid":{"rendered":"https:\/\/doncaracol.com\/?page_id=24"},"modified":"2026-04-24T22:51:51","modified_gmt":"2026-04-24T20:51:51","slug":"restaurants","status":"publish","type":"page","link":"https:\/\/doncaracol.com\/fr\/restaurants\/","title":{"rendered":"Restaurants"},"content":{"rendered":"<div class=\"wp-block-group alignfull has-global-padding is-content-justification-center is-layout-constrained wp-container-core-group-is-layout-185478ad wp-block-group-is-layout-constrained\" style=\"margin-top:0;margin-bottom:0;padding-top:var(--wp--preset--spacing--50);padding-right:var(--wp--preset--spacing--50);padding-bottom:var(--wp--preset--spacing--50);padding-left:var(--wp--preset--spacing--50)\">\n<h2 class=\"wp-block-heading alignwide\">Nos restaurants<\/h2>\n\n\n\n<div class=\"wp-block-group alignwide has-global-padding is-layout-constrained wp-block-group-is-layout-constrained\">\n<div class=\"wp-block-columns alignwide is-layout-flex wp-container-core-columns-is-layout-85634e63 wp-block-columns-is-layout-flex\" style=\"padding-top:var(--wp--preset--spacing--30);padding-right:0;padding-bottom:0;padding-left:0\">\n<div class=\"wp-block-column is-layout-flow wp-block-column-is-layout-flow\">\n<figure class=\"wp-block-image size-full\"><img data-recalc-dims=\"1\" loading=\"lazy\" decoding=\"async\" width=\"6000\" height=\"4000\" data-attachment-id=\"496\" data-permalink=\"https:\/\/doncaracol.com\/fr\/pizzeria\/dsc00032\/\" data-orig-file=\"https:\/\/i0.wp.com\/doncaracol.com\/wp-content\/uploads\/2025\/03\/DSC00032.jpg?fit=6000%2C4000&amp;ssl=1\" data-orig-size=\"6000,4000\" data-comments-opened=\"1\" data-image-meta=\"{&quot;aperture&quot;:&quot;5&quot;,&quot;credit&quot;:&quot;&quot;,&quot;camera&quot;:&quot;ZV-E10&quot;,&quot;caption&quot;:&quot;&quot;,&quot;created_timestamp&quot;:&quot;1617590967&quot;,&quot;copyright&quot;:&quot;&quot;,&quot;focal_length&quot;:&quot;34&quot;,&quot;iso&quot;:&quot;2000&quot;,&quot;shutter_speed&quot;:&quot;0.00625&quot;,&quot;title&quot;:&quot;&quot;,&quot;orientation&quot;:&quot;1&quot;}\" data-image-title=\"DSC00032\" data-image-description=\"\" data-image-caption=\"\" data-large-file=\"https:\/\/i0.wp.com\/doncaracol.com\/wp-content\/uploads\/2025\/03\/DSC00032.jpg?fit=1024%2C683&amp;ssl=1\" src=\"https:\/\/i0.wp.com\/doncaracol.com\/wp-content\/uploads\/2025\/03\/DSC00032.jpg?resize=6000%2C4000&#038;ssl=1\" alt=\"\" class=\"wp-image-496\" srcset=\"https:\/\/i0.wp.com\/doncaracol.com\/wp-content\/uploads\/2025\/03\/DSC00032.jpg?w=6000&amp;ssl=1 6000w, https:\/\/i0.wp.com\/doncaracol.com\/wp-content\/uploads\/2025\/03\/DSC00032.jpg?resize=300%2C200&amp;ssl=1 300w, https:\/\/i0.wp.com\/doncaracol.com\/wp-content\/uploads\/2025\/03\/DSC00032.jpg?resize=1024%2C683&amp;ssl=1 1024w, https:\/\/i0.wp.com\/doncaracol.com\/wp-content\/uploads\/2025\/03\/DSC00032.jpg?resize=768%2C512&amp;ssl=1 768w, https:\/\/i0.wp.com\/doncaracol.com\/wp-content\/uploads\/2025\/03\/DSC00032.jpg?resize=1536%2C1024&amp;ssl=1 1536w, https:\/\/i0.wp.com\/doncaracol.com\/wp-content\/uploads\/2025\/03\/DSC00032.jpg?resize=2048%2C1365&amp;ssl=1 2048w, https:\/\/i0.wp.com\/doncaracol.com\/wp-content\/uploads\/2025\/03\/DSC00032.jpg?resize=18%2C12&amp;ssl=1 18w, https:\/\/i0.wp.com\/doncaracol.com\/wp-content\/uploads\/2025\/03\/DSC00032.jpg?resize=1200%2C800&amp;ssl=1 1200w, https:\/\/i0.wp.com\/doncaracol.com\/wp-content\/uploads\/2025\/03\/DSC00032.jpg?w=3000&amp;ssl=1 3000w\" sizes=\"auto, (max-width: 1000px) 100vw, 1000px\" \/><\/figure>\n\n\n\n<div class=\"wp-block-group is-vertical is-nowrap is-layout-flex wp-container-core-group-is-layout-a79c762f wp-block-group-is-layout-flex\" style=\"margin-top:var(--wp--preset--spacing--20);padding-top:0\">\n<div class=\"wp-block-group is-vertical is-layout-flex wp-container-core-group-is-layout-831b2db5 wp-block-group-is-layout-flex\">\n<h3 class=\"wp-block-heading has-contrast-2-color has-text-color has-link-color wp-elements-26fe370224b7bb970dc20a2797c54dee\">La pizza d'Isabelita (Es Coll d'en Rabassa)<\/h3>\n\n\n\n<p class=\"wp-block-paragraph\">C\/ Cardenal Rossell, 13<\/p>\n\n\n\n<p class=\"wp-block-paragraph\">Coll d'en Rabassa<\/p>\n\n\n\n<p class=\"wp-block-paragraph\">971743523<\/p>\n\n\n\n<p class=\"has-small-font-size wp-block-paragraph\">Consulter les horaires sur Google<\/p>\n<\/div>\n\n\n\n<div class=\"wp-block-buttons is-layout-flex wp-block-buttons-is-layout-flex\">\n<div class=\"wp-block-button\"><a class=\"wp-block-button__link wp-element-button\" href=\"https:\/\/doncaracol.com\/fr\/llamar-isabelitas\/\">APPEL<\/a><\/div>\n\n\n\n<div class=\"wp-block-button is-style-outline is-style-outline--1\"><a class=\"wp-block-button__link wp-element-button\" href=\"https:\/\/maps.app.goo.gl\/zyUn5rJ8YKVDAXsA9\" target=\"_blank\" rel=\"noreferrer noopener\">MAP<\/a><\/div>\n<\/div>\n<\/div>\n\n\n\n<div style=\"height:var(--wp--preset--spacing--20)\" aria-hidden=\"true\" class=\"wp-block-spacer\"><\/div>\n<\/div>\n\n\n\n<div class=\"wp-block-column is-layout-flow wp-block-column-is-layout-flow\">\n<figure class=\"wp-block-image size-full\"><img data-recalc-dims=\"1\" loading=\"lazy\" decoding=\"async\" width=\"1922\" height=\"1302\" data-attachment-id=\"157\" data-permalink=\"https:\/\/doncaracol.com\/fr\/?attachment_id=248\" data-orig-file=\"https:\/\/i0.wp.com\/doncaracol.com\/wp-content\/uploads\/2024\/12\/screenshot-2024-12-28-at-22.23.28.png?fit=1922%2C1302&amp;ssl=1\" data-orig-size=\"1922,1302\" data-comments-opened=\"1\" data-image-meta=\"{&quot;aperture&quot;:&quot;0&quot;,&quot;credit&quot;:&quot;&quot;,&quot;camera&quot;:&quot;&quot;,&quot;caption&quot;:&quot;&quot;,&quot;created_timestamp&quot;:&quot;0&quot;,&quot;copyright&quot;:&quot;&quot;,&quot;focal_length&quot;:&quot;0&quot;,&quot;iso&quot;:&quot;0&quot;,&quot;shutter_speed&quot;:&quot;0&quot;,&quot;title&quot;:&quot;&quot;,&quot;orientation&quot;:&quot;0&quot;}\" data-image-title=\"Screenshot 2024-12-28 at 22.23.28\" data-image-description=\"\" data-image-caption=\"\" data-large-file=\"https:\/\/i0.wp.com\/doncaracol.com\/wp-content\/uploads\/2024\/12\/screenshot-2024-12-28-at-22.23.28.png?fit=1024%2C694&amp;ssl=1\" src=\"https:\/\/i0.wp.com\/doncaracol.com\/wp-content\/uploads\/2024\/12\/screenshot-2024-12-28-at-22.23.28.png?resize=1922%2C1302&#038;ssl=1\" alt=\"\" class=\"wp-image-157\"\/><\/figure>\n\n\n\n<div class=\"wp-block-group is-vertical is-nowrap is-layout-flex wp-container-core-group-is-layout-a79c762f wp-block-group-is-layout-flex\" style=\"margin-top:var(--wp--preset--spacing--20);padding-top:0\">\n<div class=\"wp-block-group is-vertical is-layout-flex wp-container-core-group-is-layout-831b2db5 wp-block-group-is-layout-flex\">\n<h3 class=\"wp-block-heading has-contrast-2-color has-text-color has-link-color wp-elements-53055ea74d3c1a4b5e0d354946d6b676\">Don Caracol (Es Coll d'en Rabassa)<\/h3>\n\n\n\n<p class=\"wp-block-paragraph\">C\/ Cristina Valls, 1<\/p>\n\n\n\n<p class=\"wp-block-paragraph\">Coll d'en Rabassa<\/p>\n\n\n\n<p class=\"wp-block-paragraph\">971744317<\/p>\n\n\n\n<p class=\"has-small-font-size wp-block-paragraph\">Ouvert tous les jours<\/p>\n<\/div>\n\n\n\n<div class=\"wp-block-buttons is-layout-flex wp-block-buttons-is-layout-flex\">\n<div class=\"wp-block-button\"><a class=\"wp-block-button__link wp-element-button\" href=\"https:\/\/doncaracol.com\/fr\/llamar-doncaracol-ciudad-jardin\/\">APPEL<\/a><\/div>\n\n\n\n<div class=\"wp-block-button is-style-outline is-style-outline--2\"><a class=\"wp-block-button__link wp-element-button\" href=\"https:\/\/goo.gl\/maps\/bA44e\" target=\"_blank\" rel=\"noreferrer noopener\">MAP<\/a><\/div>\n<\/div>\n<\/div>\n\n\n\n<div style=\"height:var(--wp--preset--spacing--20)\" aria-hidden=\"true\" class=\"wp-block-spacer\"><\/div>\n<\/div>\n\n\n\n<div class=\"wp-block-column is-layout-flow wp-block-column-is-layout-flow\">\n<figure class=\"wp-block-image size-full\"><img data-recalc-dims=\"1\" loading=\"lazy\" decoding=\"async\" width=\"450\" height=\"300\" data-attachment-id=\"83\" data-permalink=\"https:\/\/doncaracol.com\/fr\/?attachment_id=248\" data-orig-file=\"https:\/\/i0.wp.com\/doncaracol.com\/wp-content\/uploads\/2024\/12\/fachada-don-caracol-4-1.jpg?fit=450%2C300&amp;ssl=1\" data-orig-size=\"450,300\" data-comments-opened=\"1\" data-image-meta=\"{&quot;aperture&quot;:&quot;0&quot;,&quot;credit&quot;:&quot;&quot;,&quot;camera&quot;:&quot;&quot;,&quot;caption&quot;:&quot;&quot;,&quot;created_timestamp&quot;:&quot;0&quot;,&quot;copyright&quot;:&quot;&quot;,&quot;focal_length&quot;:&quot;0&quot;,&quot;iso&quot;:&quot;0&quot;,&quot;shutter_speed&quot;:&quot;0&quot;,&quot;title&quot;:&quot;&quot;,&quot;orientation&quot;:&quot;0&quot;}\" data-image-title=\"fachada-don-caracol-4\" data-image-description=\"\" data-image-caption=\"\" data-large-file=\"https:\/\/i0.wp.com\/doncaracol.com\/wp-content\/uploads\/2024\/12\/fachada-don-caracol-4-1.jpg?fit=450%2C300&amp;ssl=1\" src=\"https:\/\/i0.wp.com\/doncaracol.com\/wp-content\/uploads\/2024\/12\/fachada-don-caracol-4-1.jpg?resize=450%2C300&#038;ssl=1\" alt=\"\" class=\"wp-image-83\"\/><\/figure>\n\n\n\n<div class=\"wp-block-group is-vertical is-nowrap is-layout-flex wp-container-core-group-is-layout-a79c762f wp-block-group-is-layout-flex\" style=\"margin-top:var(--wp--preset--spacing--20);padding-top:0\">\n<div class=\"wp-block-group is-vertical is-layout-flex wp-container-core-group-is-layout-831b2db5 wp-block-group-is-layout-flex\">\n<h3 class=\"wp-block-heading has-contrast-2-color has-text-color has-link-color wp-elements-4f5aa68020275c673a8c97991fd105c1\">Don Caracol (Palma)<\/h3>\n\n\n\n<p class=\"wp-block-paragraph\">C\/ Avenida Comte Sallent, 6<\/p>\n\n\n\n<p class=\"wp-block-paragraph\">Palma<\/p>\n\n\n\n<p class=\"wp-block-paragraph\">971758430<\/p>\n\n\n\n<p class=\"has-small-font-size wp-block-paragraph\">Ouvert tous les jours<\/p>\n<\/div>\n\n\n\n<div class=\"wp-block-buttons is-layout-flex wp-block-buttons-is-layout-flex\">\n<div class=\"wp-block-button\"><a class=\"wp-block-button__link wp-element-button\" href=\"https:\/\/doncaracol.com\/fr\/llamar-doncaracol-palma\/\">APPEL<\/a><\/div>\n\n\n\n<div class=\"wp-block-button is-style-outline is-style-outline--3\"><a class=\"wp-block-button__link wp-element-button\" href=\"https:\/\/goo.gl\/maps\/bszgu\" target=\"_blank\" rel=\"noreferrer noopener\">MAP<\/a><\/div>\n<\/div>\n<\/div>\n\n\n\n<div style=\"height:var(--wp--preset--spacing--20)\" aria-hidden=\"true\" class=\"wp-block-spacer\"><\/div>\n<\/div>\n\n\n\n<div class=\"wp-block-column is-layout-flow wp-block-column-is-layout-flow\">\n<figure class=\"wp-block-image size-full\"><img data-recalc-dims=\"1\" loading=\"lazy\" decoding=\"async\" width=\"1200\" height=\"805\" data-attachment-id=\"109\" data-permalink=\"https:\/\/doncaracol.com\/fr\/restaurante-don-caracol4\/\" data-orig-file=\"https:\/\/i0.wp.com\/doncaracol.com\/wp-content\/uploads\/2024\/12\/restaurante-don-caracol4.webp?fit=1200%2C805&amp;ssl=1\" data-orig-size=\"1200,805\" data-comments-opened=\"1\" data-image-meta=\"{&quot;aperture&quot;:&quot;0&quot;,&quot;credit&quot;:&quot;&quot;,&quot;camera&quot;:&quot;&quot;,&quot;caption&quot;:&quot;&quot;,&quot;created_timestamp&quot;:&quot;0&quot;,&quot;copyright&quot;:&quot;&quot;,&quot;focal_length&quot;:&quot;0&quot;,&quot;iso&quot;:&quot;0&quot;,&quot;shutter_speed&quot;:&quot;0&quot;,&quot;title&quot;:&quot;&quot;,&quot;orientation&quot;:&quot;0&quot;}\" data-image-title=\"restaurante-don-caracol4\" data-image-description=\"\" data-image-caption=\"\" data-large-file=\"https:\/\/i0.wp.com\/doncaracol.com\/wp-content\/uploads\/2024\/12\/restaurante-don-caracol4.webp?fit=1024%2C687&amp;ssl=1\" src=\"https:\/\/i0.wp.com\/doncaracol.com\/wp-content\/uploads\/2024\/12\/restaurante-don-caracol4.webp?resize=1200%2C805&#038;ssl=1\" alt=\"\" class=\"wp-image-109\"\/><\/figure>\n\n\n\n<div class=\"wp-block-group is-vertical is-nowrap is-layout-flex wp-container-core-group-is-layout-a79c762f wp-block-group-is-layout-flex\" style=\"margin-top:var(--wp--preset--spacing--20);padding-top:0\">\n<div class=\"wp-block-group is-vertical is-layout-flex wp-container-core-group-is-layout-831b2db5 wp-block-group-is-layout-flex\">\n<h3 class=\"wp-block-heading has-contrast-2-color has-text-color has-link-color wp-elements-03836b67b53d1e5b2306bfc92a6be48c\">Don Caracol (S'Aranjassa)<\/h3>\n\n\n\n<p class=\"wp-block-paragraph\">Ctra. Llucmajor, km 14,400<\/p>\n\n\n\n<p class=\"wp-block-paragraph\">S'Aranjassa<\/p>\n\n\n\n<p class=\"wp-block-paragraph\">971747182<\/p>\n\n\n\n<p class=\"has-small-font-size wp-block-paragraph\">Ouvert tous les jours<\/p>\n<\/div>\n\n\n\n<div class=\"wp-block-buttons is-layout-flex wp-block-buttons-is-layout-flex\">\n<div class=\"wp-block-button\"><a class=\"wp-block-button__link wp-element-button\" href=\"https:\/\/doncaracol.com\/fr\/llamar-doncaracol-saranjassa\/\">APPEL<\/a><\/div>\n\n\n\n<div class=\"wp-block-button is-style-outline is-style-outline--4\"><a class=\"wp-block-button__link wp-element-button\" href=\"https:\/\/goo.gl\/maps\/6adyX\" target=\"_blank\" rel=\"noreferrer noopener\">MAP<\/a><\/div>\n<\/div>\n<\/div>\n\n\n\n<div style=\"height:var(--wp--preset--spacing--20)\" aria-hidden=\"true\" class=\"wp-block-spacer\"><\/div>\n<\/div>\n<\/div>\n<\/div>\n<\/div>\n\n\n\n<div class=\"wp-block-group alignfull has-global-padding is-layout-constrained wp-container-core-group-is-layout-73128380 wp-block-group-is-layout-constrained\" style=\"margin-top:0;margin-bottom:0;padding-top:var(--wp--preset--spacing--50);padding-right:var(--wp--preset--spacing--50);padding-bottom:var(--wp--preset--spacing--50);padding-left:var(--wp--preset--spacing--50)\">\n<div class=\"wp-block-group is-vertical is-content-justification-center is-layout-flex wp-container-core-group-is-layout-bc18b00a wp-block-group-is-layout-flex\">\n<h2 class=\"wp-block-heading has-text-align-center has-xx-large-font-size\">D\u00e9couvrez une exp\u00e9rience gastronomique inoubliable<\/h2>\n\n\n\n<p class=\"has-text-align-center wp-block-paragraph\">Savourez une vari\u00e9t\u00e9 de plats irr\u00e9sistibles, tous pr\u00e9par\u00e9s avec le plus grand soin et au go\u00fbt authentique.<\/p>\n<\/div>\n\n\n\n<div style=\"height:var(--wp--preset--spacing--30)\" aria-hidden=\"true\" class=\"wp-block-spacer\"><\/div>\n\n\n\n<div class=\"wp-block-columns alignwide is-layout-flex wp-container-core-columns-is-layout-313efa99 wp-block-columns-is-layout-flex\" style=\"padding-right:0;padding-left:0\">\n<div class=\"wp-block-column is-layout-flow wp-block-column-is-layout-flow\">\n<figure class=\"wp-block-image size-full is-style-rounded is-style-rounded--6\"><img data-recalc-dims=\"1\" loading=\"lazy\" decoding=\"async\" width=\"692\" height=\"388\" data-attachment-id=\"248\" data-permalink=\"https:\/\/doncaracol.com\/fr\/?attachment_id=248\" data-orig-file=\"https:\/\/i0.wp.com\/doncaracol.com\/wp-content\/uploads\/2024\/12\/img_2628-2.gif?fit=692%2C388&amp;ssl=1\" data-orig-size=\"692,388\" data-comments-opened=\"1\" data-image-meta=\"{&quot;aperture&quot;:&quot;0&quot;,&quot;credit&quot;:&quot;&quot;,&quot;camera&quot;:&quot;&quot;,&quot;caption&quot;:&quot;&quot;,&quot;created_timestamp&quot;:&quot;0&quot;,&quot;copyright&quot;:&quot;&quot;,&quot;focal_length&quot;:&quot;0&quot;,&quot;iso&quot;:&quot;0&quot;,&quot;shutter_speed&quot;:&quot;0&quot;,&quot;title&quot;:&quot;&quot;,&quot;orientation&quot;:&quot;0&quot;}\" data-image-title=\"IMG_2628\" data-image-description=\"\" data-image-caption=\"\" data-large-file=\"https:\/\/i0.wp.com\/doncaracol.com\/wp-content\/uploads\/2024\/12\/img_2628-2.gif?fit=692%2C388&amp;ssl=1\" src=\"https:\/\/i0.wp.com\/doncaracol.com\/wp-content\/uploads\/2024\/12\/img_2628-2.gif?resize=692%2C388&#038;ssl=1\" alt=\"\" class=\"wp-image-248\" style=\"aspect-ratio:1;object-fit:cover\" \/><\/figure>\n\n\n\n<div class=\"wp-block-group is-vertical is-content-justification-center is-nowrap is-layout-flex wp-container-core-group-is-layout-5a45e1ec wp-block-group-is-layout-flex\">\n<p class=\"has-text-align-center has-small-font-size wp-block-paragraph\"><strong>Escargots \u00e0 l'a\u00efoli<\/strong><\/p>\n<\/div>\n<\/div>\n\n\n\n<div class=\"wp-block-column is-layout-flow wp-block-column-is-layout-flow\">\n<figure class=\"wp-block-image size-full is-style-rounded is-style-rounded--7\"><img data-recalc-dims=\"1\" loading=\"lazy\" decoding=\"async\" width=\"692\" height=\"388\" data-attachment-id=\"246\" data-permalink=\"https:\/\/doncaracol.com\/fr\/?attachment_id=248\" data-orig-file=\"https:\/\/i0.wp.com\/doncaracol.com\/wp-content\/uploads\/2024\/12\/img_2626.gif?fit=692%2C388&amp;ssl=1\" data-orig-size=\"692,388\" data-comments-opened=\"1\" data-image-meta=\"{&quot;aperture&quot;:&quot;0&quot;,&quot;credit&quot;:&quot;&quot;,&quot;camera&quot;:&quot;&quot;,&quot;caption&quot;:&quot;&quot;,&quot;created_timestamp&quot;:&quot;0&quot;,&quot;copyright&quot;:&quot;&quot;,&quot;focal_length&quot;:&quot;0&quot;,&quot;iso&quot;:&quot;0&quot;,&quot;shutter_speed&quot;:&quot;0&quot;,&quot;title&quot;:&quot;&quot;,&quot;orientation&quot;:&quot;0&quot;}\" data-image-title=\"IMG_2626\" data-image-description=\"\" data-image-caption=\"\" data-large-file=\"https:\/\/i0.wp.com\/doncaracol.com\/wp-content\/uploads\/2024\/12\/img_2626.gif?fit=692%2C388&amp;ssl=1\" src=\"https:\/\/i0.wp.com\/doncaracol.com\/wp-content\/uploads\/2024\/12\/img_2626.gif?resize=692%2C388&#038;ssl=1\" alt=\"\" class=\"wp-image-246\" style=\"aspect-ratio:1;object-fit:cover\" \/><\/figure>\n\n\n\n<div class=\"wp-block-group is-vertical is-content-justification-center is-nowrap is-layout-flex wp-container-core-group-is-layout-435112bf wp-block-group-is-layout-flex\">\n<p class=\"has-text-align-center has-small-font-size wp-block-paragraph\"><strong>Friture<\/strong><\/p>\n<\/div>\n<\/div>\n\n\n\n<div class=\"wp-block-column is-layout-flow wp-block-column-is-layout-flow\">\n<figure class=\"wp-block-image size-full is-style-rounded is-style-rounded--8\"><img data-recalc-dims=\"1\" loading=\"lazy\" decoding=\"async\" width=\"650\" height=\"412\" data-attachment-id=\"247\" data-permalink=\"https:\/\/doncaracol.com\/fr\/?attachment_id=248\" data-orig-file=\"https:\/\/i0.wp.com\/doncaracol.com\/wp-content\/uploads\/2024\/12\/img_2684.gif?fit=650%2C412&amp;ssl=1\" data-orig-size=\"650,412\" data-comments-opened=\"1\" data-image-meta=\"{&quot;aperture&quot;:&quot;0&quot;,&quot;credit&quot;:&quot;&quot;,&quot;camera&quot;:&quot;&quot;,&quot;caption&quot;:&quot;&quot;,&quot;created_timestamp&quot;:&quot;0&quot;,&quot;copyright&quot;:&quot;&quot;,&quot;focal_length&quot;:&quot;0&quot;,&quot;iso&quot;:&quot;0&quot;,&quot;shutter_speed&quot;:&quot;0&quot;,&quot;title&quot;:&quot;&quot;,&quot;orientation&quot;:&quot;0&quot;}\" data-image-title=\"IMG_2684\" data-image-description=\"\" data-image-caption=\"\" data-large-file=\"https:\/\/i0.wp.com\/doncaracol.com\/wp-content\/uploads\/2024\/12\/img_2684.gif?fit=650%2C412&amp;ssl=1\" src=\"https:\/\/i0.wp.com\/doncaracol.com\/wp-content\/uploads\/2024\/12\/img_2684.gif?resize=650%2C412&#038;ssl=1\" alt=\"\" class=\"wp-image-247\" style=\"aspect-ratio:1;object-fit:cover\" \/><\/figure>\n\n\n\n<div class=\"wp-block-group is-vertical is-content-justification-center is-nowrap is-layout-flex wp-container-core-group-is-layout-435112bf wp-block-group-is-layout-flex\">\n<p class=\"has-text-align-center has-small-font-size wp-block-paragraph\"><strong>Viande grill\u00e9e<\/strong><\/p>\n<\/div>\n<\/div>\n<\/div>\n<\/div>","protected":false},"excerpt":{"rendered":"","protected":false},"author":259874193,"featured_media":0,"parent":0,"menu_order":0,"comment_status":"closed","ping_status":"closed","template":"page-no-title","meta":{"_crdt_document":"","footnotes":""},"class_list":["post-24","page","type-page","status-publish","hentry"],"yoast_head":"<!-- This site is optimized with the Yoast SEO plugin v27.5 - https:\/\/yoast.com\/product\/yoast-seo-wordpress\/ -->\n<title>Restaurantes - Don Caracol<\/title>\n<meta name=\"robots\" content=\"index, follow, max-snippet:-1, max-image-preview:large, max-video-preview:-1\" \/>\n<link rel=\"canonical\" href=\"https:\/\/doncaracol.com\/fr\/restaurants\/\" \/>\n<meta property=\"og:locale\" content=\"fr_FR\" \/>\n<meta property=\"og:type\" content=\"article\" \/>\n<meta property=\"og:title\" content=\"Restaurantes - Don Caracol\" \/>\n<meta property=\"og:url\" content=\"https:\/\/doncaracol.com\/fr\/restaurants\/\" \/>\n<meta property=\"og:site_name\" content=\"Don Caracol\" \/>\n<meta property=\"article:modified_time\" content=\"2026-04-24T20:51:51+00:00\" \/>\n<meta name=\"twitter:card\" content=\"summary_large_image\" \/>\n<script type=\"application\/ld+json\" class=\"yoast-schema-graph\">{\"@context\":\"https:\\\/\\\/schema.org\",\"@graph\":[{\"@type\":\"WebPage\",\"@id\":\"https:\\\/\\\/doncaracol.com\\\/restaurantes\\\/\",\"url\":\"https:\\\/\\\/doncaracol.com\\\/restaurantes\\\/\",\"name\":\"Restaurantes - Don Caracol\",\"isPartOf\":{\"@id\":\"https:\\\/\\\/doncaracol.com\\\/#website\"},\"datePublished\":\"2024-12-22T17:06:03+00:00\",\"dateModified\":\"2026-04-24T20:51:51+00:00\",\"breadcrumb\":{\"@id\":\"https:\\\/\\\/doncaracol.com\\\/restaurantes\\\/#breadcrumb\"},\"inLanguage\":\"fr-FR\",\"potentialAction\":[{\"@type\":\"ReadAction\",\"target\":[\"https:\\\/\\\/doncaracol.com\\\/restaurantes\\\/\"]}]},{\"@type\":\"BreadcrumbList\",\"@id\":\"https:\\\/\\\/doncaracol.com\\\/restaurantes\\\/#breadcrumb\",\"itemListElement\":[{\"@type\":\"ListItem\",\"position\":1,\"name\":\"Portada\",\"item\":\"https:\\\/\\\/doncaracol.com\\\/\"},{\"@type\":\"ListItem\",\"position\":2,\"name\":\"Restaurantes\"}]},{\"@type\":\"WebSite\",\"@id\":\"https:\\\/\\\/doncaracol.com\\\/#website\",\"url\":\"https:\\\/\\\/doncaracol.com\\\/\",\"name\":\"Don Caracol\",\"description\":\"Disfruta de la aut\u00e9ntica gastronom\u00eda en un ambiente \u00fanico.\",\"publisher\":{\"@id\":\"https:\\\/\\\/doncaracol.com\\\/#organization\"},\"potentialAction\":[{\"@type\":\"SearchAction\",\"target\":{\"@type\":\"EntryPoint\",\"urlTemplate\":\"https:\\\/\\\/doncaracol.com\\\/?s={search_term_string}\"},\"query-input\":{\"@type\":\"PropertyValueSpecification\",\"valueRequired\":true,\"valueName\":\"search_term_string\"}}],\"inLanguage\":\"fr-FR\"},{\"@type\":\"Organization\",\"@id\":\"https:\\\/\\\/doncaracol.com\\\/#organization\",\"name\":\"Don Caracol\",\"url\":\"https:\\\/\\\/doncaracol.com\\\/\",\"logo\":{\"@type\":\"ImageObject\",\"inLanguage\":\"fr-FR\",\"@id\":\"https:\\\/\\\/doncaracol.com\\\/#\\\/schema\\\/logo\\\/image\\\/\",\"url\":\"https:\\\/\\\/i0.wp.com\\\/doncaracol.com\\\/wp-content\\\/uploads\\\/2024\\\/12\\\/logo-don-caracol-mallorca.png?fit=291%2C125&ssl=1\",\"contentUrl\":\"https:\\\/\\\/i0.wp.com\\\/doncaracol.com\\\/wp-content\\\/uploads\\\/2024\\\/12\\\/logo-don-caracol-mallorca.png?fit=291%2C125&ssl=1\",\"width\":291,\"height\":125,\"caption\":\"Don Caracol\"},\"image\":{\"@id\":\"https:\\\/\\\/doncaracol.com\\\/#\\\/schema\\\/logo\\\/image\\\/\"}}]}<\/script>\n<!-- \/ Yoast SEO plugin. -->","yoast_head_json":{"title":"Restaurants - Don Caracol","robots":{"index":"index","follow":"follow","max-snippet":"max-snippet:-1","max-image-preview":"max-image-preview:large","max-video-preview":"max-video-preview:-1"},"canonical":"https:\/\/doncaracol.com\/fr\/restaurants\/","og_locale":"fr_FR","og_type":"article","og_title":"Restaurantes - Don Caracol","og_url":"https:\/\/doncaracol.com\/fr\/restaurants\/","og_site_name":"Don Caracol","article_modified_time":"2026-04-24T20:51:51+00:00","twitter_card":"summary_large_image","schema":{"@context":"https:\/\/schema.org","@graph":[{"@type":"WebPage","@id":"https:\/\/doncaracol.com\/restaurantes\/","url":"https:\/\/doncaracol.com\/restaurantes\/","name":"Restaurants - Don Caracol","isPartOf":{"@id":"https:\/\/doncaracol.com\/#website"},"datePublished":"2024-12-22T17:06:03+00:00","dateModified":"2026-04-24T20:51:51+00:00","breadcrumb":{"@id":"https:\/\/doncaracol.com\/restaurantes\/#breadcrumb"},"inLanguage":"fr-FR","potentialAction":[{"@type":"ReadAction","target":["https:\/\/doncaracol.com\/restaurantes\/"]}]},{"@type":"BreadcrumbList","@id":"https:\/\/doncaracol.com\/restaurantes\/#breadcrumb","itemListElement":[{"@type":"ListItem","position":1,"name":"Portada","item":"https:\/\/doncaracol.com\/"},{"@type":"ListItem","position":2,"name":"Restaurantes"}]},{"@type":"WebSite","@id":"https:\/\/doncaracol.com\/#website","url":"https:\/\/doncaracol.com\/","name":"Don Caracol","description":"Savourez une gastronomie authentique dans une atmosph\u00e8re unique.","publisher":{"@id":"https:\/\/doncaracol.com\/#organization"},"potentialAction":[{"@type":"SearchAction","target":{"@type":"EntryPoint","urlTemplate":"https:\/\/doncaracol.com\/?s={search_term_string}"},"query-input":{"@type":"PropertyValueSpecification","valueRequired":true,"valueName":"search_term_string"}}],"inLanguage":"fr-FR"},{"@type":"Organization","@id":"https:\/\/doncaracol.com\/#organization","name":"Don Caracol","url":"https:\/\/doncaracol.com\/","logo":{"@type":"ImageObject","inLanguage":"fr-FR","@id":"https:\/\/doncaracol.com\/#\/schema\/logo\/image\/","url":"https:\/\/i0.wp.com\/doncaracol.com\/wp-content\/uploads\/2024\/12\/logo-don-caracol-mallorca.png?fit=291%2C125&ssl=1","contentUrl":"https:\/\/i0.wp.com\/doncaracol.com\/wp-content\/uploads\/2024\/12\/logo-don-caracol-mallorca.png?fit=291%2C125&ssl=1","width":291,"height":125,"caption":"Don Caracol"},"image":{"@id":"https:\/\/doncaracol.com\/#\/schema\/logo\/image\/"}}]}},"jetpack_likes_enabled":true,"jetpack_sharing_enabled":true,"jetpack_shortlink":"https:\/\/wp.me\/Pgfsmc-o","jetpack-related-posts":[],"_links":{"self":[{"href":"https:\/\/doncaracol.com\/fr\/wp-json\/wp\/v2\/pages\/24","targetHints":{"allow":["GET"]}}],"collection":[{"href":"https:\/\/doncaracol.com\/fr\/wp-json\/wp\/v2\/pages"}],"about":[{"href":"https:\/\/doncaracol.com\/fr\/wp-json\/wp\/v2\/types\/page"}],"author":[{"embeddable":true,"href":"https:\/\/doncaracol.com\/fr\/wp-json\/wp\/v2\/users\/259874193"}],"replies":[{"embeddable":true,"href":"https:\/\/doncaracol.com\/fr\/wp-json\/wp\/v2\/comments?post=24"}],"version-history":[{"count":12,"href":"https:\/\/doncaracol.com\/fr\/wp-json\/wp\/v2\/pages\/24\/revisions"}],"predecessor-version":[{"id":263,"href":"https:\/\/doncaracol.com\/fr\/wp-json\/wp\/v2\/pages\/24\/revisions\/263"}],"wp:attachment":[{"href":"https:\/\/doncaracol.com\/fr\/wp-json\/wp\/v2\/media?parent=24"}],"curies":[{"name":"wp","href":"https:\/\/api.w.org\/{rel}","templated":true}]}}